{"id":41507,"date":"2026-04-11T16:23:55","date_gmt":"2026-04-11T16:23:55","guid":{"rendered":"https:\/\/angueur.com\/ueber-uns\/"},"modified":"2026-04-21T12:54:56","modified_gmt":"2026-04-21T12:54:56","slug":"ueber-uns","status":"publish","type":"page","link":"https:\/\/angueur.com\/de\/ueber-uns\/","title":{"rendered":"\u00dcber uns"},"content":{"rendered":"\t\t<div data-elementor-type=\"wp-page\" data-elementor-id=\"41507\" class=\"elementor elementor-41507 elementor-41194\" data-elementor-post-type=\"page\">\n\t\t\t\t<div class=\"elementor-element elementor-element-f8cca86 e-con-full e-flex e-con e-parent\" data-id=\"f8cca86\" data-element_type=\"container\" data-e-type=\"container\">\n\t\t\t\t<div class=\"elementor-element elementor-element-a2bfbb6 elementor-widget elementor-widget-html\" data-id=\"a2bfbb6\" data-element_type=\"widget\" data-e-type=\"widget\" data-widget_type=\"html.default\">\n\t\t\t\t\t<style>\r\n@import url('https:\/\/fonts.googleapis.com\/css2?family=Cormorant+Garamond:ital,wght@0,400;0,600;1,400&family=Lora:ital,wght@0,400;0,500;1,400&display=swap');\r\n\r\n.dangeur-about {\r\n  --gold: #b5946a;\r\n  --gold-light: #d4bc9a;\r\n  --dark: #2c2a26;\r\n  --cream: #faf6f0;\r\n  --text: #4a4640;\r\n  --text-light: #7a7570;\r\n  font-family: 'Lora', Georgia, serif;\r\n  color: var(--text);\r\n  line-height: 1.8;\r\n  max-width: 900px;\r\n  margin: 0 auto;\r\n  padding: 60px 30px;\r\n}\r\n\r\n.dangeur-about h1 {\r\n  font-family: 'Cormorant Garamond', Georgia, serif;\r\n  font-size: 6rem;\r\n  font-weight: 600;\r\n  color: var(--dark);\r\n  text-align: center;\r\n  margin-bottom: 8px;\r\n  letter-spacing: 0.08em;\r\n}\r\n\r\n.dangeur-about .tagline {\r\n  text-align: center;\r\n  font-style: italic;\r\n  color: var(--text-light);\r\n  font-size: 2.1rem;\r\n  margin-bottom: 50px;\r\n}\r\n\r\n.dangeur-about .divider {\r\n  display: flex;\r\n  align-items: center;\r\n  justify-content: center;\r\n  gap: 16px;\r\n  margin: 40px 0;\r\n}\r\n\r\n.dangeur-about .divider::before,\r\n.dangeur-about .divider::after {\r\n  content: '';\r\n  height: 1px;\r\n  width: 80px;\r\n  background: linear-gradient(to right, transparent, var(--gold-light), transparent);\r\n}\r\n\r\n.dangeur-about .divider-icon {\r\n  color: var(--gold);\r\n  font-size: 1.0rem;\r\n}\r\n\r\n.dangeur-about h2 {\r\n  font-family: 'Cormorant Garamond', Georgia, serif;\r\n  font-size: 2.8rem;\r\n  font-weight: 600;\r\n  color: var(--dark);\r\n  text-align: center;\r\n  margin-bottom: 24px;\r\n}\r\n\r\n.dangeur-about p {\r\n  margin-bottom: 16px;\r\n  font-size: 2rem;\r\n}\r\n\r\n.dangeur-about .intro-section {\r\n  text-align: center;\r\n  margin-bottom: 20px;\r\n}\r\n\r\n.dangeur-about .houses-list {\r\n  list-style: none;\r\n  padding: 0;\r\n  margin: 28px 0;\r\n}\r\n\r\n.dangeur-about .houses-list li {\r\n  padding: 14px 20px;\r\n  margin-bottom: 10px;\r\n  border-left: 3px solid var(--gold);\r\n  background: linear-gradient(135deg, rgba(181,148,106,0.06) 0%, transparent 100%);\r\n  border-radius: 0 8px 8px 0;\r\n}\r\n\r\n.dangeur-about .houses-list li strong {\r\n  display: block;\r\n  font-family: 'Cormorant Garamond', Georgia, serif;\r\n  font-size: 2.15rem;\r\n  color: var(--dark);\r\n  margin-bottom: 2px;\r\n}\r\n\r\n.dangeur-about .houses-list li span {\r\n  font-size: 1.92rem;\r\n  color: var(--text-light);\r\n}\r\n\r\n.dangeur-about .highlight-box {\r\n  background: linear-gradient(135deg, rgba(181,148,106,0.1) 0%, rgba(212,188,154,0.08) 100%);\r\n  border-radius: 12px;\r\n  padding: 28px 32px;\r\n  margin: 30px 0;\r\n  text-align: center;\r\n  font-style: italic;\r\n  color: var(--dark);\r\n  border: 1px solid rgba(181,148,106,0.2);\r\n}\r\n\r\n.dangeur-about .closing {\r\n  text-align: center;\r\n  font-size: 1.55rem;\r\n  color: var(--text-light);\r\n  margin-top: 40px;\r\n  font-style: italic;\r\n}\r\n<\/style>\r\n\r\n<div class=\"dangeur-about\">\r\n\r\n  <h1>D'\u00c4ngeur<\/h1>\r\n  <p class=\"tagline\">Ein l\u00e4ndliches Refugium im Herzen eines stillen Waldes<\/p>\r\n\r\n  <div class=\"divider\"><span class=\"divider-icon\">\u2726<\/span><\/div>\r\n\r\n  <h2>Unsere Geschichte<\/h2>\r\n\r\n  <div class=\"intro-section\">\r\n    <p>Wir sind Erik und Elena van der Meer.<\/p>\r\n    <p>Im Jahr 2026 haben wir uns auf ein neues Abenteuer in der Dordogne eingelassen. Ganz spontan beschlossen wir, unser Leben zu ver\u00e4ndern und etwas Neues zu beginnen \u2014 etwas, wovon wir schon immer getr\u00e4umt hatten.<\/p>\r\n  <\/div>\r\n\r\n  <p>Erik wuchs in einer Familie von Blumenz\u00fcchtern auf und baute sp\u00e4ter ein erfolgreiches Unternehmen f\u00fcr die Einstellung von Wohnmobilen und Wohnwagen auf. Doch der Wunsch, ein neues Kapitel aufzuschlagen, verlie\u00df ihn nie.<\/p>\r\n\r\n  <p>Elena, geboren in der Ukraine, arbeitete in der Verwaltung und sp\u00e4ter im Pflegedienst in den Niederlanden. Ihre Leidenschaft gilt dem Wellness-Bereich, der entspannenden Massage, der Aromatherapie und der Fu\u00dfpflege.<\/p>\r\n\r\n  <p>Gemeinsam schaffen wir einen Ort der Ruhe, W\u00e4rme und aufrichtigen Zuwendung \u2014 an dem sich unsere G\u00e4ste willkommen und zu Hause f\u00fchlen.<\/p>\r\n\r\n  <div class=\"divider\"><span class=\"divider-icon\">\u2726<\/span><\/div>\r\n\r\n  <h2>Unterkunft<\/h2>\r\n\r\n  <p>Auf einem weitl\u00e4ufigen, gr\u00fcnen Anwesen bietet D'\u00c4ngeur drei private Ferienh\u00e4user:<\/p>\r\n\r\n  <ul class=\"houses-list\">\r\n    <li>\r\n      <strong>Lisianthus \u2014 Maison \u00c9l\u00e9gante<\/strong>\r\n      <span>Ferienhaus f\u00fcr 4 G\u00e4ste<\/span>\r\n    <\/li>\r\n    <li>\r\n      <strong>Dahlia \u2014 Signature House<\/strong>\r\n      <span>Ferienhaus f\u00fcr 2\u20135 G\u00e4ste<\/span>\r\n    <\/li>\r\n    <li>\r\n      <strong>Jacinthe \u2014 Maison de Lumi\u00e8re<\/strong>\r\n      <span>Ger\u00e4umiges Ferienhaus f\u00fcr 8 G\u00e4ste<\/span>\r\n    <\/li>\r\n  <\/ul>\r\n\r\n  <p>Jedes Ferienhaus verf\u00fcgt \u00fcber eine eigene Terrasse \u2014 perfekt f\u00fcr ein gem\u00fctliches Fr\u00fchst\u00fcck im Freien oder den Sonnenuntergang bei einem Glas Wein.<\/p>\r\n\r\n  <p>Im Herzen des Anwesens liegt ein gro\u00dfer Swimmingpool mit Loungebereich, ideal f\u00fcr hei\u00dfe Sommertage und abendliche Schwimmrunden.<\/p>\r\n\r\n  <h2 style=\"margin-top:40px;\">Hortensia \u2014 Maison d'H\u00f4tes<\/h2>\r\n\r\n  <p>Zus\u00e4tzlich zu den Ferienh\u00e4usern erwarten unsere G\u00e4ste 5 stilvolle Zimmer f\u00fcr 2\u20134 Personen, die einzeln oder als komplette Gruppenbuchung verf\u00fcgbar sind.<\/p>\r\n\r\n  <div class=\"highlight-box\">\r\n    D'\u00c4ngeur bedeutet Abgeschiedenheit, die Stille des Waldes, Komfort und die M\u00f6glichkeit, zur Ruhe zu kommen \u2014 ob in gro\u00dfer Gruppe oder im kleinen Familienkreis \u2014 inmitten der Natur.\r\n  <\/div>\r\n\r\n  <p class=\"closing\">Der perfekte Ort f\u00fcr alle, die Ruhe, frische Luft und die W\u00e4rme eines Zuhauses sch\u00e4tzen \u2014 fernab der Hektik der Stadt.<\/p>\r\n\r\n<\/div>\t\t\t\t<\/div>\n\t\t\t\t<\/div>\n\t\t\t\t<\/div>\n\t\t","protected":false},"excerpt":{"rendered":"<p>D&#8217;\u00c4ngeur Ein l\u00e4ndliches Refugium im Herzen eines stillen Waldes \u2726 Unsere Geschichte Wir sind Erik und Elena van der Meer. Im Jahr 2026 haben wir uns auf ein neues Abenteuer in der Dordogne eingelassen. Ganz spontan beschlossen wir, unser Leben zu ver\u00e4ndern und etwas Neues zu beginnen \u2014 etwas, wovon wir schon immer getr\u00e4umt hatten. &#8230;<\/p>\n","protected":false},"author":1,"featured_media":0,"parent":0,"menu_order":0,"comment_status":"closed","ping_status":"closed","template":"elementor_header_footer","meta":{"footnotes":""},"class_list":["post-41507","page","type-page","status-publish","hentry"],"_links":{"self":[{"href":"https:\/\/angueur.com\/de\/wp-json\/wp\/v2\/pages\/41507","targetHints":{"allow":["GET"]}}],"collection":[{"href":"https:\/\/angueur.com\/de\/wp-json\/wp\/v2\/pages"}],"about":[{"href":"https:\/\/angueur.com\/de\/wp-json\/wp\/v2\/types\/page"}],"author":[{"embeddable":true,"href":"https:\/\/angueur.com\/de\/wp-json\/wp\/v2\/users\/1"}],"replies":[{"embeddable":true,"href":"https:\/\/angueur.com\/de\/wp-json\/wp\/v2\/comments?post=41507"}],"version-history":[{"count":4,"href":"https:\/\/angueur.com\/de\/wp-json\/wp\/v2\/pages\/41507\/revisions"}],"predecessor-version":[{"id":41585,"href":"https:\/\/angueur.com\/de\/wp-json\/wp\/v2\/pages\/41507\/revisions\/41585"}],"wp:attachment":[{"href":"https:\/\/angueur.com\/de\/wp-json\/wp\/v2\/media?parent=41507"}],"curies":[{"name":"wp","href":"https:\/\/api.w.org\/{rel}","templated":true}]}}